{"id":6254,"date":"2024-12-11T12:32:18","date_gmt":"2024-12-11T11:32:18","guid":{"rendered":"https:\/\/pomoc.comarch.pl\/magazynier\/xl\/?page_id=6254"},"modified":"2024-12-11T12:32:19","modified_gmt":"2024-12-11T11:32:19","slug":"dostepnosc-funkcjonalnosci-aplikacji-comarch-magazynier-w-zaleznosci-od-systemu-erp","status":"publish","type":"page","link":"https:\/\/pomoc.comarch.pl\/magazynier\/xl\/index.php\/dostepnosc-funkcjonalnosci-aplikacji-comarch-magazynier-w-zaleznosci-od-systemu-erp\/","title":{"rendered":"Dost\u0119pno\u015b\u0107 funkcjonalno\u015bci aplikacji Comarch Magazynier w zale\u017cno\u015bci od systemu ERP"},"content":{"rendered":"\n<p>Poni\u017csza tabela prezentuje funkcjonalno\u015bci dost\u0119pne w aplikacji Comarch Magazynier w zale\u017cno\u015bci od systemu ERP, z kt\u00f3rym aplikacja wsp\u00f3\u0142pracuje.<\/p>\n\n\n\n<table id=\"tablepress-18\" class=\"tablepress tablepress-id-18\">\n<thead>\n<tr class=\"row-1\">\n\t<th class=\"column-1\"><strong>System ERP<\/strong><\/th><th class=\"column-2\"><strong>Comarch ERP XL<\/strong><\/th><th class=\"column-3\"><strong>Comarch ERP Enterprise<\/strong><\/th>\n<\/tr>\n<\/thead>\n<tbody class=\"row-striping row-hover\">\n<tr class=\"row-2\">\n\t<td class=\"column-1\">Realizacja dyspozycji przyj\u0119cia wystawionej na kolektorze<\/td><td class=\"column-2\">Dost\u0119pne<\/td><td class=\"column-3\">Niedost\u0119pne<\/td>\n<\/tr>\n<tr class=\"row-3\">\n\t<td class=\"column-1\">Realizacja dyspozycji przyj\u0119cia z systemu ERP<\/td><td class=\"column-2\">Dost\u0119pne<\/td><td class=\"column-3\">Dost\u0119pne<\/td>\n<\/tr>\n<tr class=\"row-4\">\n\t<td class=\"column-1\">Generowanie dyspozycji przyj\u0119cia z kolektora<\/td><td class=\"column-2\">Dost\u0119pne<\/td><td class=\"column-3\">Niedost\u0119pne<\/td>\n<\/tr>\n<tr class=\"row-5\">\n\t<td class=\"column-1\">Realizacja dyspozycji wydania wystawionej na kolektorze<\/td><td class=\"column-2\">Dost\u0119pne<\/td><td class=\"column-3\">Niedost\u0119pne<\/td>\n<\/tr>\n<tr class=\"row-6\">\n\t<td class=\"column-1\">Realizacja dyspozycji wydania z systemu ERP<\/td><td class=\"column-2\">Dost\u0119pne<\/td><td class=\"column-3\">Dost\u0119pne<\/td>\n<\/tr>\n<tr class=\"row-7\">\n\t<td class=\"column-1\">Generowanie dyspozycji wydania z kolektora<\/td><td class=\"column-2\">Dost\u0119pne<\/td><td class=\"column-3\">Niedost\u0119pne<\/td>\n<\/tr>\n<tr class=\"row-8\">\n\t<td class=\"column-1\">Realizacja dyspozycji przesuni\u0119cia mi\u0119dzymagazynowego wystawionej na kolektorze<\/td><td class=\"column-2\">Dost\u0119pne<\/td><td class=\"column-3\">Dost\u0119pne<\/td>\n<\/tr>\n<tr class=\"row-9\">\n\t<td class=\"column-1\">Realizacja dyspozycji przesuni\u0119cia mi\u0119dzymagazynowego z systemu ERP<\/td><td class=\"column-2\">Dost\u0119pne<\/td><td class=\"column-3\">Niedost\u0119pne<\/td>\n<\/tr>\n<tr class=\"row-10\">\n\t<td class=\"column-1\">Realizacja dyspozycji przesuni\u0119cia wewn\u0105trzmagazynowego wystawionej na kolektorze<\/td><td class=\"column-2\">Dost\u0119pne<\/td><td class=\"column-3\">Dost\u0119pne<\/td>\n<\/tr>\n<tr class=\"row-11\">\n\t<td class=\"column-1\">Realizacja dyspozycji przesuni\u0119cia wewn\u0105trzmagazynowego z systemu ERP<\/td><td class=\"column-2\">Dost\u0119pne<\/td><td class=\"column-3\">Niedost\u0119pne<\/td>\n<\/tr>\n<tr class=\"row-12\">\n\t<td class=\"column-1\">Realizacja dyspozycji kompletacji<\/td><td class=\"column-2\">Niedost\u0119pne<\/td><td class=\"column-3\">Dost\u0119pne<\/td>\n<\/tr>\n<tr class=\"row-13\">\n\t<td class=\"column-1\">Realizacja dyspozycji przesuni\u0119cia jednostki \u0142adunkowej<\/td><td class=\"column-2\">Niedost\u0119pne<\/td><td class=\"column-3\">Dost\u0119pne<\/td>\n<\/tr>\n<tr class=\"row-14\">\n\t<td class=\"column-1\">Realizacja dyspozycji wydania na produkcj\u0119<\/td><td class=\"column-2\">Niedost\u0119pne<\/td><td class=\"column-3\">Dost\u0119pne<\/td>\n<\/tr>\n<tr class=\"row-15\">\n\t<td class=\"column-1\">Generowanie dyspozycji magazynowych z dokument\u00f3w handlowych<\/td><td class=\"column-2\">Dost\u0119pne<\/td><td class=\"column-3\">Niedost\u0119pne<\/td>\n<\/tr>\n<tr class=\"row-16\">\n\t<td class=\"column-1\">Generowanie dyspozycji magazynowych z zam\u00f3wie\u0144<\/td><td class=\"column-2\">Dost\u0119pne<\/td><td class=\"column-3\">Niedost\u0119pne<\/td>\n<\/tr>\n<tr class=\"row-17\">\n\t<td class=\"column-1\">Generowanie dyspozycji magazynowych ze zlece\u0144<\/td><td class=\"column-2\">Dost\u0119pne<\/td><td class=\"column-3\">Niedost\u0119pne<\/td>\n<\/tr>\n<tr class=\"row-18\">\n\t<td class=\"column-1\">Inwentaryzacja por\u00f3wnawcza<\/td><td class=\"column-2\">Dost\u0119pne<\/td><td class=\"column-3\">Niedost\u0119pne<\/td>\n<\/tr>\n<tr class=\"row-19\">\n\t<td class=\"column-1\">Inwentaryzacja przyrostowa<\/td><td class=\"column-2\">Dost\u0119pne<\/td><td class=\"column-3\">Niedost\u0119pne<\/td>\n<\/tr>\n<tr class=\"row-20\">\n\t<td class=\"column-1\">Konfigurator Comarch Magazynier<\/td><td class=\"column-2\">Dost\u0119pne<\/td><td class=\"column-3\">Niedost\u0119pne<\/td>\n<\/tr>\n<tr class=\"row-21\">\n\t<td class=\"column-1\">Lista towar\u00f3w<\/td><td class=\"column-2\">Dost\u0119pne<\/td><td class=\"column-3\">Niedost\u0119pne<\/td>\n<\/tr>\n<tr class=\"row-22\">\n\t<td class=\"column-1\">Mo\u017cliwo\u015b\u0107 dodania nowego towaru<\/td><td class=\"column-2\">Dost\u0119pne<\/td><td class=\"column-3\">Niedost\u0119pne<\/td>\n<\/tr>\n<tr class=\"row-23\">\n\t<td class=\"column-1\">Lista po\u0142o\u017ce\u0144<\/td><td class=\"column-2\">Dost\u0119pne<\/td><td class=\"column-3\">Niedost\u0119pne<\/td>\n<\/tr>\n<tr class=\"row-24\">\n\t<td class=\"column-1\">Obs\u0142uga po\u0142o\u017ce\u0144<\/td><td class=\"column-2\">Dost\u0119pne<\/td><td class=\"column-3\">Dost\u0119pne<\/td>\n<\/tr>\n<tr class=\"row-25\">\n\t<td class=\"column-1\">Lista jednostek \u0142adunkowych\/logistycznych<\/td><td class=\"column-2\">Niedost\u0119pne<\/td><td class=\"column-3\">Dost\u0119pne<\/td>\n<\/tr>\n<tr class=\"row-26\">\n\t<td class=\"column-1\">Obs\u0142uga jednostek \u0142adunkowych\/logistycznych<\/td><td class=\"column-2\">Niedost\u0119pne<\/td><td class=\"column-3\">Dost\u0119pne<\/td>\n<\/tr>\n<tr class=\"row-27\">\n\t<td class=\"column-1\">Ustawienia<\/td><td class=\"column-2\">Dost\u0119pne<\/td><td class=\"column-3\">Dost\u0119pne<\/td>\n<\/tr>\n<tr class=\"row-28\">\n\t<td class=\"column-1\">Filtrowanie<\/td><td class=\"column-2\">Dost\u0119pne<\/td><td class=\"column-3\">Dost\u0119pne<\/td>\n<\/tr>\n<tr class=\"row-29\">\n\t<td class=\"column-1\">Sortowanie<\/td><td class=\"column-2\">Dost\u0119pne<\/td><td class=\"column-3\">Dost\u0119pne<\/td>\n<\/tr>\n<tr class=\"row-30\">\n\t<td class=\"column-1\">Informacje dodatkowe (Atrybuty)<\/td><td class=\"column-2\">Dost\u0119pne<\/td><td class=\"column-3\">Niedost\u0119pne<\/td>\n<\/tr>\n<tr class=\"row-31\">\n\t<td class=\"column-1\">Uwagi (Opis)<\/td><td class=\"column-2\">Dost\u0119pne<\/td><td class=\"column-3\">Niedost\u0119pne<\/td>\n<\/tr>\n<tr class=\"row-32\">\n\t<td class=\"column-1\">Nadrealizacja<\/td><td class=\"column-2\">Dost\u0119pne<\/td><td class=\"column-3\">Niedost\u0119pne<\/td>\n<\/tr>\n<\/tbody>\n<\/table>\n<!-- #tablepress-18 from cache -->\n\n\n<p><\/p>\n","protected":false},"excerpt":{"rendered":"<p>Poni\u017csza tabela prezentuje funkcjonalno\u015bci dost\u0119pne w aplikacji Comarch Magazynier w zale\u017cno\u015bci od systemu ERP, z kt\u00f3rym aplikacja wsp\u00f3\u0142pracuje.<\/p>\n","protected":false},"author":19,"featured_media":0,"parent":0,"menu_order":0,"comment_status":"closed","ping_status":"closed","template":"","meta":{"_bbp_topic_count":0,"_bbp_reply_count":0,"_bbp_total_topic_count":0,"_bbp_total_reply_count":0,"_bbp_voice_count":0,"_bbp_anonymous_reply_count":0,"_bbp_topic_count_hidden":0,"_bbp_reply_count_hidden":0,"_bbp_forum_subforum_count":0,"footnotes":""},"class_list":["post-6254","page","type-page","status-publish","hentry"],"_links":{"self":[{"href":"https:\/\/pomoc.comarch.pl\/magazynier\/xl\/index.php\/wp-json\/wp\/v2\/pages\/6254","targetHints":{"allow":["GET"]}}],"collection":[{"href":"https:\/\/pomoc.comarch.pl\/magazynier\/xl\/index.php\/wp-json\/wp\/v2\/pages"}],"about":[{"href":"https:\/\/pomoc.comarch.pl\/magazynier\/xl\/index.php\/wp-json\/wp\/v2\/types\/page"}],"author":[{"embeddable":true,"href":"https:\/\/pomoc.comarch.pl\/magazynier\/xl\/index.php\/wp-json\/wp\/v2\/users\/19"}],"replies":[{"embeddable":true,"href":"https:\/\/pomoc.comarch.pl\/magazynier\/xl\/index.php\/wp-json\/wp\/v2\/comments?post=6254"}],"version-history":[{"count":1,"href":"https:\/\/pomoc.comarch.pl\/magazynier\/xl\/index.php\/wp-json\/wp\/v2\/pages\/6254\/revisions"}],"predecessor-version":[{"id":6255,"href":"https:\/\/pomoc.comarch.pl\/magazynier\/xl\/index.php\/wp-json\/wp\/v2\/pages\/6254\/revisions\/6255"}],"wp:attachment":[{"href":"https:\/\/pomoc.comarch.pl\/magazynier\/xl\/index.php\/wp-json\/wp\/v2\/media?parent=6254"}],"curies":[{"name":"wp","href":"https:\/\/api.w.org\/{rel}","templated":true}]}}