{"id":800,"date":"2024-10-03T15:33:12","date_gmt":"2024-10-03T13:33:12","guid":{"rendered":"https:\/\/pomoc.comarch.pl\/posbackoffice\/altum\/?page_id=800"},"modified":"2026-02-25T11:41:40","modified_gmt":"2026-02-25T10:41:40","slug":"dostepnosc-funkcjonalnosci-aplikacji-comarch-pos-backoffice-w-zaleznosci-od-systemu-erp","status":"publish","type":"page","link":"https:\/\/pomoc.comarch.pl\/posbackoffice\/altum\/index.php\/dostepnosc-funkcjonalnosci-aplikacji-comarch-pos-backoffice-w-zaleznosci-od-systemu-erp\/","title":{"rendered":"Dost\u0119pno\u015b\u0107 funkcjonalno\u015bci najnowszej\u00a0wersji aplikacji Comarch POS Backoffice w zale\u017cno\u015bci od systemu ERP"},"content":{"rendered":"\n<p>Poni\u017csza tabela prezentuje funkcjonalno\u015bci dost\u0119pne w najnowszej wersji aplikacji Comarch POS Backoffice w zale\u017cno\u015bci od systemu ERP, z kt\u00f3rym aplikacja wsp\u00f3\u0142pracuje.<\/p>\n\n\n\n<table id=\"tablepress-3\" class=\"tablepress tablepress-id-3\">\n<thead>\n<tr class=\"row-1\">\n\t<th class=\"column-1\">System ERP<\/th><th class=\"column-2\">Comarch ERP Altum<\/th><th class=\"column-3\">Comarch ERP Enterprise<\/th><th class=\"column-4\">Comarch ERP XL<\/th>\n<\/tr>\n<\/thead>\n<tbody class=\"row-hover\">\n<tr class=\"row-2\">\n\t<td class=\"column-1\">Drukarka fiskalna<\/td><td class=\"column-2\">Dost\u0119pne<\/td><td class=\"column-3\">Dost\u0119pne<\/td><td class=\"column-4\">Niedost\u0119pne<\/td>\n<\/tr>\n<tr class=\"row-3\">\n\t<td class=\"column-1\">POS Agent obs\u0142uga trybu offline w systemie ERP<\/td><td class=\"column-2\">Dost\u0119pne<\/td><td class=\"column-3\">Niedost\u0119pne<\/td><td class=\"column-4\">Niedost\u0119pne<\/td>\n<\/tr>\n<tr class=\"row-4\">\n\t<td class=\"column-1\">Lista artyku\u0142\u00f3w<\/td><td class=\"column-2\">Dost\u0119pne<\/td><td class=\"column-3\">Dost\u0119pne<\/td><td class=\"column-4\">Niedost\u0119pne<\/td>\n<\/tr>\n<tr class=\"row-5\">\n\t<td class=\"column-1\">Filtry i wyszukiwanie na listach obiekt\u00f3w<\/td><td class=\"column-2\">Dost\u0119pne<\/td><td class=\"column-3\">Dost\u0119pne<\/td><td class=\"column-4\">Dost\u0119pne<\/td>\n<\/tr>\n<tr class=\"row-6\">\n\t<td class=\"column-1\">Aktualizacja danych<\/td><td class=\"column-2\">Dost\u0119pne<\/td><td class=\"column-3\">Dost\u0119pne<\/td><td class=\"column-4\">Dost\u0119pne<\/td>\n<\/tr>\n<tr class=\"row-7\">\n\t<td class=\"column-1\">Ustawienia<\/td><td class=\"column-2\">Dost\u0119pne<\/td><td class=\"column-3\">Dost\u0119pne<\/td><td class=\"column-4\">Dost\u0119pne<\/td>\n<\/tr>\n<tr class=\"row-8\">\n\t<td class=\"column-1\">Parking<\/td><td class=\"column-2\">Dost\u0119pne<\/td><td class=\"column-3\">Dost\u0119pne<\/td><td class=\"column-4\">Niedost\u0119pne<\/td>\n<\/tr>\n<tr class=\"row-9\">\n\t<td class=\"column-1\">Menu boczne<\/td><td class=\"column-2\">Dost\u0119pne<\/td><td class=\"column-3\">Dost\u0119pne<\/td><td class=\"column-4\">Dost\u0119pne<\/td>\n<\/tr>\n<tr class=\"row-10\">\n\t<td class=\"column-1\">Przyj\u0119cia dokument\u00f3w ZZ<\/td><td class=\"column-2\">Dost\u0119pne<\/td><td class=\"column-3\">Dost\u0119pne<\/td><td class=\"column-4\">Niedost\u0119pne<\/td>\n<\/tr>\n<tr class=\"row-11\">\n\t<td class=\"column-1\">Mo\u017cliwo\u015b\u0107 przyjmowania wielu zam\u00f3wie\u0144 zakupu jednocze\u015bnie<\/td><td class=\"column-2\">Dost\u0119pne<\/td><td class=\"column-3\">Dost\u0119pne<\/td><td class=\"column-4\">Niedost\u0119pne<\/td>\n<\/tr>\n<tr class=\"row-12\">\n\t<td class=\"column-1\">Przyj\u0119cia dokument\u00f3w MM-<\/td><td class=\"column-2\">Dost\u0119pne<\/td><td class=\"column-3\">Dost\u0119pne<\/td><td class=\"column-4\">Niedost\u0119pne<\/td>\n<\/tr>\n<tr class=\"row-13\">\n\t<td class=\"column-1\">Anulowanie zatwierdzonego przyj\u0119cia MM-<\/td><td class=\"column-2\">Dost\u0119pne<\/td><td class=\"column-3\">Dost\u0119pne<\/td><td class=\"column-4\">Niedost\u0119pne<\/td>\n<\/tr>\n<tr class=\"row-14\">\n\t<td class=\"column-1\">Tworzenie nowych dokument\u00f3w MM-<\/td><td class=\"column-2\">Dost\u0119pne<\/td><td class=\"column-3\">Niedost\u0119pne<\/td><td class=\"column-4\">Niedost\u0119pne<\/td>\n<\/tr>\n<tr class=\"row-15\">\n\t<td class=\"column-1\">Przygotowanie wysy\u0142ki na podstawie otrzymanych zam\u00f3wie\u0144 wewn\u0119trznych<\/td><td class=\"column-2\">Dost\u0119pne<\/td><td class=\"column-3\">Dost\u0119pne<\/td><td class=\"column-4\">Niedost\u0119pne<\/td>\n<\/tr>\n<tr class=\"row-16\">\n\t<td class=\"column-1\">Przesuni\u0119cie r\u0119czne<\/td><td class=\"column-2\">Dost\u0119pne<\/td><td class=\"column-3\">Dost\u0119pne<\/td><td class=\"column-4\">Niedost\u0119pne<\/td>\n<\/tr>\n<tr class=\"row-17\">\n\t<td class=\"column-1\">Rejestr paczek<\/td><td class=\"column-2\">Dost\u0119pne<\/td><td class=\"column-3\">Dost\u0119pne<\/td><td class=\"column-4\">Niedost\u0119pne<\/td>\n<\/tr>\n<tr class=\"row-18\">\n\t<td class=\"column-1\">Podgl\u0105d dokument\u00f3w MM-<\/td><td class=\"column-2\">Dost\u0119pne<\/td><td class=\"column-3\">Niedost\u0119pne<\/td><td class=\"column-4\">Niedost\u0119pne<\/td>\n<\/tr>\n<tr class=\"row-19\">\n\t<td class=\"column-1\">Korekty zasob\u00f3w<\/td><td class=\"column-2\">Dost\u0119pne<\/td><td class=\"column-3\">Dost\u0119pne<\/td><td class=\"column-4\">Niedost\u0119pne<\/td>\n<\/tr>\n<tr class=\"row-20\">\n\t<td class=\"column-1\">Inwentaryzacja<\/td><td class=\"column-2\">Dost\u0119pne<\/td><td class=\"column-3\">Dost\u0119pne<\/td><td class=\"column-4\">Dost\u0119pne<\/td>\n<\/tr>\n<tr class=\"row-21\">\n\t<td class=\"column-1\">Raport rozbie\u017cno\u015bci<\/td><td class=\"column-2\">Dost\u0119pne<\/td><td class=\"column-3\">Dost\u0119pne<\/td><td class=\"column-4\">Niedost\u0119pne<\/td>\n<\/tr>\n<tr class=\"row-22\">\n\t<td class=\"column-1\">Resetowanie brak\u00f3w po inwentaryzacji<\/td><td class=\"column-2\">Niedost\u0119pne<\/td><td class=\"column-3\">Dost\u0119pne<\/td><td class=\"column-4\">Niedost\u0119pne<\/td>\n<\/tr>\n<tr class=\"row-23\">\n\t<td class=\"column-1\">Blokowanie przyjmowania nieaktualnych partii<\/td><td class=\"column-2\">Niedost\u0119pne<\/td><td class=\"column-3\">Dost\u0119pne<\/td><td class=\"column-4\">Niedost\u0119pne<\/td>\n<\/tr>\n<tr class=\"row-24\">\n\t<td class=\"column-1\">Aktualizacja etykiet<\/td><td class=\"column-2\">Niedost\u0119pne<\/td><td class=\"column-3\">Dost\u0119pne<\/td><td class=\"column-4\">Niedost\u0119pne<\/td>\n<\/tr>\n<tr class=\"row-25\">\n\t<td class=\"column-1\">Rabaty<\/td><td class=\"column-2\">Dost\u0119pne<\/td><td class=\"column-3\">Dost\u0119pne<\/td><td class=\"column-4\">Niedost\u0119pne<\/td>\n<\/tr>\n<tr class=\"row-26\">\n\t<td class=\"column-1\">Tryb tabletowy<\/td><td class=\"column-2\">Niedost\u0119pne<\/td><td class=\"column-3\">Dost\u0119pne<\/td><td class=\"column-4\">Niedost\u0119pne<\/td>\n<\/tr>\n<tr class=\"row-27\">\n\t<td class=\"column-1\">Zam\u00f3wienia i oferty sprzeda\u017cy<\/td><td class=\"column-2\">Niedost\u0119pne<\/td><td class=\"column-3\">Dost\u0119pne<\/td><td class=\"column-4\">Niedost\u0119pne<\/td>\n<\/tr>\n<tr class=\"row-28\">\n\t<td class=\"column-1\">Kontrahenci<\/td><td class=\"column-2\">Niedost\u0119pne<\/td><td class=\"column-3\">Dost\u0119pne<\/td><td class=\"column-4\">Niedost\u0119pne<\/td>\n<\/tr>\n<tr class=\"row-29\">\n\t<td class=\"column-1\">Dodawanie nowego kontrahenta<\/td><td class=\"column-2\">Niedost\u0119pne<\/td><td class=\"column-3\">Dost\u0119pne<\/td><td class=\"column-4\">Niedost\u0119pne<\/td>\n<\/tr>\n<tr class=\"row-30\">\n\t<td class=\"column-1\">Zamkni\u0119cie sesji<\/td><td class=\"column-2\">Dost\u0119pne<\/td><td class=\"column-3\">Dost\u0119pne<\/td><td class=\"column-4\">Niedost\u0119pne<\/td>\n<\/tr>\n<\/tbody>\n<\/table>\n<!-- #tablepress-3 from cache -->","protected":false},"excerpt":{"rendered":"<p>Poni\u017csza tabela prezentuje funkcjonalno\u015bci dost\u0119pne w najnowszej wersji aplikacji Comarch POS Backoffice w zale\u017cno\u015bci od systemu ERP, z kt\u00f3rym aplikacja wsp\u00f3\u0142pracuje.<\/p>\n","protected":false},"author":21,"featured_media":0,"parent":0,"menu_order":0,"comment_status":"closed","ping_status":"closed","template":"","meta":{"footnotes":""},"class_list":["post-800","page","type-page","status-publish","hentry"],"_links":{"self":[{"href":"https:\/\/pomoc.comarch.pl\/posbackoffice\/altum\/index.php\/wp-json\/wp\/v2\/pages\/800","targetHints":{"allow":["GET"]}}],"collection":[{"href":"https:\/\/pomoc.comarch.pl\/posbackoffice\/altum\/index.php\/wp-json\/wp\/v2\/pages"}],"about":[{"href":"https:\/\/pomoc.comarch.pl\/posbackoffice\/altum\/index.php\/wp-json\/wp\/v2\/types\/page"}],"author":[{"embeddable":true,"href":"https:\/\/pomoc.comarch.pl\/posbackoffice\/altum\/index.php\/wp-json\/wp\/v2\/users\/21"}],"replies":[{"embeddable":true,"href":"https:\/\/pomoc.comarch.pl\/posbackoffice\/altum\/index.php\/wp-json\/wp\/v2\/comments?post=800"}],"version-history":[{"count":5,"href":"https:\/\/pomoc.comarch.pl\/posbackoffice\/altum\/index.php\/wp-json\/wp\/v2\/pages\/800\/revisions"}],"predecessor-version":[{"id":817,"href":"https:\/\/pomoc.comarch.pl\/posbackoffice\/altum\/index.php\/wp-json\/wp\/v2\/pages\/800\/revisions\/817"}],"wp:attachment":[{"href":"https:\/\/pomoc.comarch.pl\/posbackoffice\/altum\/index.php\/wp-json\/wp\/v2\/media?parent=800"}],"curies":[{"name":"wp","href":"https:\/\/api.w.org\/{rel}","templated":true}]}}