{"id":339,"date":"2022-01-26T10:25:51","date_gmt":"2022-01-26T09:25:51","guid":{"rendered":"http:\/\/pomoc.comarch.pl\/sprint\/?page_id=339"},"modified":"2022-10-14T11:16:32","modified_gmt":"2022-10-14T09:16:32","slug":"nowosci-i-zmiany","status":"publish","type":"page","link":"https:\/\/pomoc.comarch.pl\/sprint\/index.php\/nowosci-i-zmiany\/","title":{"rendered":"Nowo\u015bci i zmiany"},"content":{"rendered":"<div class=\"pdfprnt-buttons pdfprnt-buttons-page pdfprnt-top-right\"><a href=\"https:\/\/pomoc.comarch.pl\/sprint\/index.php\/wp-json\/wp\/v2\/pages\/339?print=pdf\" class=\"pdfprnt-button pdfprnt-button-pdf\" target=\"_blank\" ><img decoding=\"async\" src=\"https:\/\/pomoc.comarch.pl\/sprint\/wp-content\/plugins\/pdf-print\/images\/pdf.png\" alt=\"image_pdf\" title=\"View PDF\" \/><\/a><a href=\"https:\/\/pomoc.comarch.pl\/sprint\/index.php\/wp-json\/wp\/v2\/pages\/339?print=print\" class=\"pdfprnt-button pdfprnt-button-print\" target=\"_blank\" ><img decoding=\"async\" src=\"https:\/\/pomoc.comarch.pl\/sprint\/wp-content\/plugins\/pdf-print\/images\/print.png\" alt=\"image_print\" title=\"Print Content\" \/><\/a><\/div>\n<p>Zapraszamy Pa\u0144stwa do testowania naszej aplikacji Comarch sPrint poprzez specjalnie przygotowane&nbsp;<a href=\"https:\/\/demo-sprint.comarch.pl\/\">demo<\/a>.<\/p>\n\n\n\n<p>\u015arodowisko demonstracyjne zapewnia dost\u0119p do repozytorium aplikacji oraz galerii wzor\u00f3w, w ramach kt\u00f3rej zosta\u0142 przygotowany przyk\u0142adowy zestaw standardowych szablon\u00f3w wydruk\u00f3w.&nbsp;Dodatkowo, zach\u0119camy do samodzielnego przygotowania testowych wydruk\u00f3w poprzez Edytor aplikacji.<\/p>\n\n\n\n<p>Na \u015brodowisku DEMO przygotowane zosta\u0142y gotowe po\u0142\u0105czenia do testowej bazy danych systemu Comarch ERP Optima (tworzenie w\u0142asnych po\u0142\u0105cze\u0144 w wersji demonstracyjnej jest niemo\u017cliwe). R\u00f3wnocze\u015bnie, udost\u0119pniamy dokumentacj\u0119&nbsp;<a href=\"https:\/\/pomoc.comarch.pl\/sprint\/pl\/beta\/\">Comarch sPrint<\/a>&nbsp;, kt\u00f3ra poprowadzi Pa\u0144stwa krok po kroku przez kolejne etapy tworzenia wydruk\u00f3w.<\/p>\n\n\n\n<p>Aby uporz\u0105dkowa\u0107 prac\u0119 na \u015brodowisku demonstracyjnym, raz w tygodniu w niedziel\u0119 \u015brodowisko b\u0119dzie od\u015bwie\u017cane i wszelkie wprowadzane modyfikacje zostan\u0105 wyczyszczone. W wersji demonstracyjnej mo\u017cliwe jest korzystanie z opcji drukowania do pliku .pdf, drukowanie na drukark\u0119 fizyczn\u0105 jest wy\u0142\u0105czone. Uwagi, pytania nale\u017cy zg\u0142asza\u0107 w Systemie Obs\u0142ugi Zg\u0142osze\u0144 do obszaru sPrint.<\/p>\n\n\n\n<p><\/p>\n","protected":false},"excerpt":{"rendered":"<p>Zapraszamy Pa\u0144stwa do testowania naszej aplikacji Comarch sPrint poprzez specjalnie przygotowane&nbsp;demo. \u015arodowisko demonstracyjne zapewnia dost\u0119p do repozytorium aplikacji oraz galerii wzor\u00f3w, w ramach kt\u00f3rej zosta\u0142 przygotowany przyk\u0142adowy zestaw standardowych szablon\u00f3w wydruk\u00f3w.&nbsp;Dodatkowo, zach\u0119camy do samodzielnego przygotowania testowych wydruk\u00f3w poprzez Edytor aplikacji. Na \u015brodowisku DEMO przygotowane zosta\u0142y gotowe po\u0142\u0105czenia do testowej bazy [&hellip;]<\/p>\n","protected":false},"author":5,"featured_media":0,"parent":0,"menu_order":0,"comment_status":"closed","ping_status":"closed","template":"","meta":{"footnotes":""},"class_list":["post-339","page","type-page","status-publish","hentry"],"_links":{"self":[{"href":"https:\/\/pomoc.comarch.pl\/sprint\/index.php\/wp-json\/wp\/v2\/pages\/339","targetHints":{"allow":["GET"]}}],"collection":[{"href":"https:\/\/pomoc.comarch.pl\/sprint\/index.php\/wp-json\/wp\/v2\/pages"}],"about":[{"href":"https:\/\/pomoc.comarch.pl\/sprint\/index.php\/wp-json\/wp\/v2\/types\/page"}],"author":[{"embeddable":true,"href":"https:\/\/pomoc.comarch.pl\/sprint\/index.php\/wp-json\/wp\/v2\/users\/5"}],"replies":[{"embeddable":true,"href":"https:\/\/pomoc.comarch.pl\/sprint\/index.php\/wp-json\/wp\/v2\/comments?post=339"}],"version-history":[{"count":3,"href":"https:\/\/pomoc.comarch.pl\/sprint\/index.php\/wp-json\/wp\/v2\/pages\/339\/revisions"}],"predecessor-version":[{"id":1146,"href":"https:\/\/pomoc.comarch.pl\/sprint\/index.php\/wp-json\/wp\/v2\/pages\/339\/revisions\/1146"}],"wp:attachment":[{"href":"https:\/\/pomoc.comarch.pl\/sprint\/index.php\/wp-json\/wp\/v2\/media?parent=339"}],"curies":[{"name":"wp","href":"https:\/\/api.w.org\/{rel}","templated":true}]}}