{"id":1090,"date":"2024-10-02T09:33:00","date_gmt":"2024-10-02T07:33:00","guid":{"rendered":"https:\/\/pomoc.comarch.pl\/webpos\/enterprise\/?page_id=1090"},"modified":"2025-12-04T13:56:52","modified_gmt":"2025-12-04T12:56:52","slug":"dostepnosc-funkcjonalnosci-aplikacji-comarch-retail-webpos-w-zaleznosci-od-systemu-erp","status":"publish","type":"page","link":"https:\/\/pomoc.comarch.pl\/webpos\/enterprise\/dostepnosc-funkcjonalnosci-aplikacji-comarch-retail-webpos-w-zaleznosci-od-systemu-erp\/","title":{"rendered":"Dost\u0119pno\u015b\u0107 funkcjonalno\u015bci najnowszej wersji aplikacji Comarch webPOS"},"content":{"rendered":"\n<p>Poni\u017csza tabela prezentuje funkcjonalno\u015bci dost\u0119pne w najnowszej wersji aplikacji Comarch webPOS.<\/p>\n\n\n\n<table id=\"tablepress-4\" class=\"tablepress tablepress-id-4\">\n<thead>\n<tr class=\"row-1\">\n\t<th class=\"column-1\">System ERP<\/th><th class=\"column-2\">Comarch ERP Enterprise<\/th>\n<\/tr>\n<\/thead>\n<tbody class=\"row-hover\">\n<tr class=\"row-2\">\n\t<td class=\"column-1\"><\/td><td class=\"column-2\"><strong>Comarch webPOS standard<\/strong><\/td>\n<\/tr>\n<tr class=\"row-3\">\n\t<td class=\"column-1\">Drukarka fiskalna<\/td><td class=\"column-2\">Dost\u0119pne<\/td>\n<\/tr>\n<tr class=\"row-4\">\n\t<td class=\"column-1\">Terminal p\u0142atniczy<\/td><td class=\"column-2\">Dost\u0119pne<\/td>\n<\/tr>\n<tr class=\"row-5\">\n\t<td class=\"column-1\">Menu boczne<\/td><td class=\"column-2\">Dost\u0119pne<\/td>\n<\/tr>\n<tr class=\"row-6\">\n\t<td class=\"column-1\">Konfiguracja motywu<\/td><td class=\"column-2\">Dost\u0119pne<\/td>\n<\/tr>\n<tr class=\"row-7\">\n\t<td class=\"column-1\">Logowanie do systemu za pomoc\u0105 loginu i has\u0142a zdefiniowanego w systemie ERP<\/td><td class=\"column-2\">Dost\u0119pne<\/td>\n<\/tr>\n<tr class=\"row-8\">\n\t<td class=\"column-1\">Paragony<\/td><td class=\"column-2\">Dost\u0119pne<\/td>\n<\/tr>\n<tr class=\"row-9\">\n\t<td class=\"column-1\">Faktury<\/td><td class=\"column-2\">Dost\u0119pne<\/td>\n<\/tr>\n<tr class=\"row-10\">\n\t<td class=\"column-1\">Opcje drukowania<\/td><td class=\"column-2\">Dost\u0119pne<\/td>\n<\/tr>\n<tr class=\"row-11\">\n\t<td class=\"column-1\">Dokumenty KP\/KW<\/td><td class=\"column-2\">Dost\u0119pne<\/td>\n<\/tr>\n<tr class=\"row-12\">\n\t<td class=\"column-1\">Rabaty automatyczne<\/td><td class=\"column-2\">Dost\u0119pne<\/td>\n<\/tr>\n<tr class=\"row-13\">\n\t<td class=\"column-1\">Lista dokument\u00f3w handlowych<\/td><td class=\"column-2\">Dost\u0119pne<\/td>\n<\/tr>\n<tr class=\"row-14\">\n\t<td class=\"column-1\">Wyszukiwanie\/filtrowanie dokument\u00f3w handlowych<\/td><td class=\"column-2\">Dost\u0119pne<\/td>\n<\/tr>\n<tr class=\"row-15\">\n\t<td class=\"column-1\">Otwarcie\/zamkni\u0119cie dnia<\/td><td class=\"column-2\">Dost\u0119pne<\/td>\n<\/tr>\n<tr class=\"row-16\">\n\t<td class=\"column-1\">Zliczanie stanu kasy<\/td><td class=\"column-2\">Dost\u0119pne<\/td>\n<\/tr>\n<tr class=\"row-17\">\n\t<td class=\"column-1\">Okre\u015blanie przyczyny dla r\u00f3\u017cnic powstaj\u0105cych na zamkni\u0119ciu dnia<\/td><td class=\"column-2\">Dost\u0119pne<\/td>\n<\/tr>\n<tr class=\"row-18\">\n\t<td class=\"column-1\">Raporty i rozliczenia<\/td><td class=\"column-2\">Dost\u0119pne<\/td>\n<\/tr>\n<tr class=\"row-19\">\n\t<td class=\"column-1\">Przep\u0142ywy got\u00f3wkowe<\/td><td class=\"column-2\">Dost\u0119pne<\/td>\n<\/tr>\n<tr class=\"row-20\">\n\t<td class=\"column-1\">Podsumowanie stanu kasy<\/td><td class=\"column-2\">Dost\u0119pne<\/td>\n<\/tr>\n<tr class=\"row-21\">\n\t<td class=\"column-1\">Podsumowanie sprzeda\u017cy<\/td><td class=\"column-2\">Dost\u0119pne<\/td>\n<\/tr>\n<tr class=\"row-22\">\n\t<td class=\"column-1\">Lista artyku\u0142\u00f3w<\/td><td class=\"column-2\">Dost\u0119pne<\/td>\n<\/tr>\n<tr class=\"row-23\">\n\t<td class=\"column-1\">Podgl\u0105d artyku\u0142u<\/td><td class=\"column-2\">Dost\u0119pne<\/td>\n<\/tr>\n<tr class=\"row-24\">\n\t<td class=\"column-1\">Lista kontrahent\u00f3w<\/td><td class=\"column-2\">Dost\u0119pne<\/td>\n<\/tr>\n<tr class=\"row-25\">\n\t<td class=\"column-1\">Kontrahenci detaliczni<\/td><td class=\"column-2\">Dost\u0119pne<\/td>\n<\/tr>\n<tr class=\"row-26\">\n\t<td class=\"column-1\">Kontrahenci biznesowi<\/td><td class=\"column-2\">Dost\u0119pne<\/td>\n<\/tr>\n<tr class=\"row-27\">\n\t<td class=\"column-1\">Osoba kontaktowa\/cz\u0142onek rodziny<\/td><td class=\"column-2\">Dost\u0119pne<\/td>\n<\/tr>\n<tr class=\"row-28\">\n\t<td class=\"column-1\">Atrybuty kontrahenta<\/td><td class=\"column-2\">Dost\u0119pne<\/td>\n<\/tr>\n<tr class=\"row-29\">\n\t<td class=\"column-1\">Kupony<\/td><td class=\"column-2\">Dost\u0119pne<\/td>\n<\/tr>\n<tr class=\"row-30\">\n\t<td class=\"column-1\">Informacja o grupach kontrahent\u00f3w<\/td><td class=\"column-2\">Dost\u0119pne<\/td>\n<\/tr>\n<tr class=\"row-31\">\n\t<td class=\"column-1\">Zgody<\/td><td class=\"column-2\">Dost\u0119pne<\/td>\n<\/tr>\n<tr class=\"row-32\">\n\t<td class=\"column-1\">Historia transakcji<\/td><td class=\"column-2\">Dost\u0119pne<\/td>\n<\/tr>\n<tr class=\"row-33\">\n\t<td class=\"column-1\">Komentarz do kontrahenta<\/td><td class=\"column-2\">Dost\u0119pne<\/td>\n<\/tr>\n<tr class=\"row-34\">\n\t<td class=\"column-1\">Dodawanie kontrahenta<\/td><td class=\"column-2\">Dost\u0119pne<\/td>\n<\/tr>\n<tr class=\"row-35\">\n\t<td class=\"column-1\">Edycja kontrahenta<\/td><td class=\"column-2\">Dost\u0119pne<\/td>\n<\/tr>\n<tr class=\"row-36\">\n\t<td class=\"column-1\">Wyszukiwanie\/filtrowanie kontrahent\u00f3w<\/td><td class=\"column-2\">Dost\u0119pne<\/td>\n<\/tr>\n<tr class=\"row-37\">\n\t<td class=\"column-1\">Wskazanie nabywcy\/odbiorcy na dokumencie<\/td><td class=\"column-2\">Dost\u0119pne<\/td>\n<\/tr>\n<tr class=\"row-38\">\n\t<td class=\"column-1\">Zmiana ceny na dokumencie<\/td><td class=\"column-2\">Dost\u0119pne<\/td>\n<\/tr>\n<tr class=\"row-39\">\n\t<td class=\"column-1\">Mo\u017cliwo\u015b\u0107 zmiany obs\u0142uguj\u0105cego<\/td><td class=\"column-2\">Dost\u0119pne<\/td>\n<\/tr>\n<tr class=\"row-40\">\n\t<td class=\"column-1\">Korekta ilo\u015bciowa<\/td><td class=\"column-2\">Niedost\u0119pne<\/td>\n<\/tr>\n<tr class=\"row-41\">\n\t<td class=\"column-1\">Korekta r\u0119czna<\/td><td class=\"column-2\">Niedost\u0119pne<\/td>\n<\/tr>\n<tr class=\"row-42\">\n\t<td class=\"column-1\">Zam\u00f3wienie sprzeda\u017cy<\/td><td class=\"column-2\">Dost\u0119pne<\/td>\n<\/tr>\n<tr class=\"row-43\">\n\t<td class=\"column-1\">Oferta sprzeda\u017cy<\/td><td class=\"column-2\">Niedost\u0119pne<\/td>\n<\/tr>\n<tr class=\"row-44\">\n\t<td class=\"column-1\">Reklamacje sprzeda\u017cowe<\/td><td class=\"column-2\">Niedost\u0119pne<\/td>\n<\/tr>\n<tr class=\"row-45\">\n\t<td class=\"column-1\">Dokumenty magazynowe<\/td><td class=\"column-2\">Niedost\u0119pne<\/td>\n<\/tr>\n<tr class=\"row-46\">\n\t<td class=\"column-1\">Parking (dokumenty niezatwierdzone)<\/td><td class=\"column-2\">Dost\u0119pne<\/td>\n<\/tr>\n<tr class=\"row-47\">\n\t<td class=\"column-1\">Dostosowanie do wymog\u00f3w normy NF525 obowi\u0105zuj\u0105cej na rynku francuskim<\/td><td class=\"column-2\">Dost\u0119pne<\/td>\n<\/tr>\n<tr class=\"row-48\">\n\t<td class=\"column-1\">Wyb\u00f3r j\u0119zyka interfejsu (polski, angielski, niemiecki, francuski)<\/td><td class=\"column-2\">Dost\u0119pne<\/td>\n<\/tr>\n<\/tbody>\n<\/table>\n<!-- #tablepress-4 from cache -->\n\n","protected":false},"excerpt":{"rendered":"<p>Poni\u017csza tabela prezentuje funkcjonalno\u015bci dost\u0119pne w najnowszej wersji aplikacji Comarch webPOS.<\/p>\n","protected":false},"author":19,"featured_media":0,"parent":0,"menu_order":0,"comment_status":"closed","ping_status":"closed","template":"","meta":{"footnotes":""},"class_list":["post-1090","page","type-page","status-publish","hentry"],"_links":{"self":[{"href":"https:\/\/pomoc.comarch.pl\/webpos\/enterprise\/wp-json\/wp\/v2\/pages\/1090","targetHints":{"allow":["GET"]}}],"collection":[{"href":"https:\/\/pomoc.comarch.pl\/webpos\/enterprise\/wp-json\/wp\/v2\/pages"}],"about":[{"href":"https:\/\/pomoc.comarch.pl\/webpos\/enterprise\/wp-json\/wp\/v2\/types\/page"}],"author":[{"embeddable":true,"href":"https:\/\/pomoc.comarch.pl\/webpos\/enterprise\/wp-json\/wp\/v2\/users\/19"}],"replies":[{"embeddable":true,"href":"https:\/\/pomoc.comarch.pl\/webpos\/enterprise\/wp-json\/wp\/v2\/comments?post=1090"}],"version-history":[{"count":10,"href":"https:\/\/pomoc.comarch.pl\/webpos\/enterprise\/wp-json\/wp\/v2\/pages\/1090\/revisions"}],"predecessor-version":[{"id":1577,"href":"https:\/\/pomoc.comarch.pl\/webpos\/enterprise\/wp-json\/wp\/v2\/pages\/1090\/revisions\/1577"}],"wp:attachment":[{"href":"https:\/\/pomoc.comarch.pl\/webpos\/enterprise\/wp-json\/wp\/v2\/media?parent=1090"}],"curies":[{"name":"wp","href":"https:\/\/api.w.org\/{rel}","templated":true}]}}